{"id":98,"date":"2014-03-12T19:33:54","date_gmt":"2014-03-12T18:33:54","guid":{"rendered":"https:\/\/pes-jura.fr\/saint-claude\/?page_id=98"},"modified":"2017-01-28T20:22:48","modified_gmt":"2017-01-28T19:22:48","slug":"osteopathe-pour-senior","status":"publish","type":"page","link":"https:\/\/pes-jura.fr\/saint-claude\/osteopathe-pour-senior\/","title":{"rendered":"Ost\u00e9opathe pour Senior"},"content":{"rendered":"<div class=\"fusion-fullwidth fullwidth-box fusion-builder-row-1 nonhundred-percent-fullwidth non-hundred-percent-height-scrolling\" style=\"--awb-border-radius-top-left:0px;--awb-border-radius-top-right:0px;--awb-border-radius-bottom-right:0px;--awb-border-radius-bottom-left:0px;--awb-flex-wrap:wrap;\" ><div class=\"fusion-builder-row fusion-row\"><div class=\"fusion-layout-column fusion_builder_column fusion-builder-column-0 fusion_builder_column_1_1 1_1 fusion-one-full fusion-column-first fusion-column-last\" style=\"--awb-bg-size:cover;\"><div class=\"fusion-column-wrapper fusion-flex-column-wrapper-legacy\"><div class=\"fusion-title title fusion-title-1 fusion-title-center fusion-title-text fusion-title-size-one\"><div class=\"title-sep-container title-sep-container-left\"><div class=\"title-sep sep-double sep-solid\" style=\"border-color:#e0dede;\"><\/div><\/div><span class=\"awb-title-spacer\"><\/span><h1 class=\"fusion-title-heading title-heading-center fusion-responsive-typography-calculated\" style=\"margin:0;--fontSize:34;line-height:1.41;\">Ost\u00e9opathe pour Senior<\/h1><span class=\"awb-title-spacer\"><\/span><div class=\"title-sep-container title-sep-container-right\"><div class=\"title-sep sep-double sep-solid\" style=\"border-color:#e0dede;\"><\/div><\/div><\/div><div class=\"fusion-text fusion-text-1\"><p>Quelque soit l\u2019\u00e2ge, il est toujours temps de prendre soin de soi\u00a0! Avec le temps, notre corps se modifie et parfois il se fragilise. Certains gestes du quotidien avant anodins deviennent difficiles et douloureux.<\/p>\n<p style=\"text-align: center;\"><img decoding=\"async\" class=\"aligncenter size-medium wp-image-200\" src=\"https:\/\/pes-jura.fr\/saint-claude\/wp-content\/uploads\/sites\/2\/2014\/03\/osteopathie-seniors-300x200.jpg\" alt=\"\" width=\"300\" height=\"200\" srcset=\"https:\/\/pes-jura.fr\/saint-claude\/wp-content\/uploads\/sites\/2\/2014\/03\/osteopathie-seniors-200x133.jpg 200w, https:\/\/pes-jura.fr\/saint-claude\/wp-content\/uploads\/sites\/2\/2014\/03\/osteopathie-seniors-300x200.jpg 300w, https:\/\/pes-jura.fr\/saint-claude\/wp-content\/uploads\/sites\/2\/2014\/03\/osteopathie-seniors-400x267.jpg 400w, https:\/\/pes-jura.fr\/saint-claude\/wp-content\/uploads\/sites\/2\/2014\/03\/osteopathie-seniors-600x400.jpg 600w, https:\/\/pes-jura.fr\/saint-claude\/wp-content\/uploads\/sites\/2\/2014\/03\/osteopathie-seniors-768x512.jpg 768w, https:\/\/pes-jura.fr\/saint-claude\/wp-content\/uploads\/sites\/2\/2014\/03\/osteopathie-seniors-800x533.jpg 800w, https:\/\/pes-jura.fr\/saint-claude\/wp-content\/uploads\/sites\/2\/2014\/03\/osteopathie-seniors-1024x683.jpg 1024w, https:\/\/pes-jura.fr\/saint-claude\/wp-content\/uploads\/sites\/2\/2014\/03\/osteopathie-seniors-1200x800.jpg 1200w, https:\/\/pes-jura.fr\/saint-claude\/wp-content\/uploads\/sites\/2\/2014\/03\/osteopathie-seniors.jpg 1500w\" sizes=\"(max-width: 300px) 100vw, 300px\" \/><\/p>\n<p style=\"text-align: justify;\">L\u2019ost\u00e9opathie permet de soulager de nombreux inconforts en s\u2019adaptant aux patients et en redonnant une certaine mobilit\u00e9 \u00e0 l\u2019ensemble de l\u2019organisme. Quand elle est r\u00e9alis\u00e9e dans un but de pr\u00e9vention et d\u2019entretien, elle permet de retarder au maximum les processus d\u00e9g\u00e9n\u00e9ratifs (arthrose,\u00a0ost\u00e9oporose\u2026) et d\u2019\u00e9viter l\u2019apparition de douleurs.<\/p>\n<p style=\"text-align: justify;\">L\u2019ost\u00e9opathe pour senior s\u2019adaptera toujours \u00e0 son patient, et vous proposera les techniques les plus appropri\u00e9es selon votre \u00e2ge, votre motif de consultation, votre \u00e9tat de sant\u00e9 et de forme du jour.<\/p>\n<p style=\"text-align: justify;\">Il est donc conseill\u00e9 de consulter un ost\u00e9opathe de mani\u00e8re assez r\u00e9guli\u00e8re (1 \u00e0 2 fois par an) afin d\u2019anticiper les diff\u00e9rents maux et de s\u2019assurer le meilleur futur possible. S\u2019il ne peut pas faire rajeunir, Le traitement ost\u00e9opathique peut tout de m\u00eame vous aider \u00e0 retrouver un certain confort dans les gestes du quotidien.<\/p>\n<p style=\"text-align: center;\"><img decoding=\"async\" class=\"aligncenter size-medium wp-image-199\" src=\"https:\/\/pes-jura.fr\/saint-claude\/wp-content\/uploads\/sites\/2\/2014\/03\/osteopathe-senior-300x188.jpg\" alt=\"\" width=\"300\" height=\"188\" srcset=\"https:\/\/pes-jura.fr\/saint-claude\/wp-content\/uploads\/sites\/2\/2014\/03\/osteopathe-senior-200x125.jpg 200w, https:\/\/pes-jura.fr\/saint-claude\/wp-content\/uploads\/sites\/2\/2014\/03\/osteopathe-senior-300x188.jpg 300w, https:\/\/pes-jura.fr\/saint-claude\/wp-content\/uploads\/sites\/2\/2014\/03\/osteopathe-senior-320x202.jpg 320w, https:\/\/pes-jura.fr\/saint-claude\/wp-content\/uploads\/sites\/2\/2014\/03\/osteopathe-senior-400x250.jpg 400w, https:\/\/pes-jura.fr\/saint-claude\/wp-content\/uploads\/sites\/2\/2014\/03\/osteopathe-senior-600x375.jpg 600w, https:\/\/pes-jura.fr\/saint-claude\/wp-content\/uploads\/sites\/2\/2014\/03\/osteopathe-senior-700x441.jpg 700w, https:\/\/pes-jura.fr\/saint-claude\/wp-content\/uploads\/sites\/2\/2014\/03\/osteopathe-senior-768x480.jpg 768w, https:\/\/pes-jura.fr\/saint-claude\/wp-content\/uploads\/sites\/2\/2014\/03\/osteopathe-senior-800x500.jpg 800w, https:\/\/pes-jura.fr\/saint-claude\/wp-content\/uploads\/sites\/2\/2014\/03\/osteopathe-senior-1024x640.jpg 1024w, https:\/\/pes-jura.fr\/saint-claude\/wp-content\/uploads\/sites\/2\/2014\/03\/osteopathe-senior-1200x750.jpg 1200w, https:\/\/pes-jura.fr\/saint-claude\/wp-content\/uploads\/sites\/2\/2014\/03\/osteopathe-senior.jpg 1680w\" sizes=\"(max-width: 300px) 100vw, 300px\" \/><\/p>\n<\/div><div class=\"fusion-clearfix\"><\/div><\/div><\/div><\/div><\/div>\n","protected":false},"excerpt":{"rendered":"","protected":false},"author":1,"featured_media":0,"parent":0,"menu_order":0,"comment_status":"open","ping_status":"open","template":"","meta":{"footnotes":""},"class_list":["post-98","page","type-page","status-publish","hentry"],"_links":{"self":[{"href":"https:\/\/pes-jura.fr\/saint-claude\/wp-json\/wp\/v2\/pages\/98","targetHints":{"allow":["GET"]}}],"collection":[{"href":"https:\/\/pes-jura.fr\/saint-claude\/wp-json\/wp\/v2\/pages"}],"about":[{"href":"https:\/\/pes-jura.fr\/saint-claude\/wp-json\/wp\/v2\/types\/page"}],"author":[{"embeddable":true,"href":"https:\/\/pes-jura.fr\/saint-claude\/wp-json\/wp\/v2\/users\/1"}],"replies":[{"embeddable":true,"href":"https:\/\/pes-jura.fr\/saint-claude\/wp-json\/wp\/v2\/comments?post=98"}],"version-history":[{"count":2,"href":"https:\/\/pes-jura.fr\/saint-claude\/wp-json\/wp\/v2\/pages\/98\/revisions"}],"predecessor-version":[{"id":202,"href":"https:\/\/pes-jura.fr\/saint-claude\/wp-json\/wp\/v2\/pages\/98\/revisions\/202"}],"wp:attachment":[{"href":"https:\/\/pes-jura.fr\/saint-claude\/wp-json\/wp\/v2\/media?parent=98"}],"curies":[{"name":"wp","href":"https:\/\/api.w.org\/{rel}","templated":true}]}}