{"id":55,"date":"2014-02-18T21:07:44","date_gmt":"2014-02-18T20:07:44","guid":{"rendered":"https:\/\/pes-jura.fr\/saint-claude\/?page_id=55"},"modified":"2022-09-21T08:58:20","modified_gmt":"2022-09-21T06:58:20","slug":"consultation-osteopathie","status":"publish","type":"page","link":"https:\/\/pes-jura.fr\/saint-claude\/consultation-osteopathie\/","title":{"rendered":"La consultation"},"content":{"rendered":"<div class=\"fusion-fullwidth fullwidth-box fusion-builder-row-1 nonhundred-percent-fullwidth non-hundred-percent-height-scrolling\" style=\"--awb-border-radius-top-left:0px;--awb-border-radius-top-right:0px;--awb-border-radius-bottom-right:0px;--awb-border-radius-bottom-left:0px;--awb-flex-wrap:wrap;\" ><div class=\"fusion-builder-row fusion-row\"><div class=\"fusion-layout-column fusion_builder_column fusion-builder-column-0 fusion_builder_column_1_1 1_1 fusion-one-full fusion-column-first fusion-column-last\" style=\"--awb-bg-size:cover;\"><div class=\"fusion-column-wrapper fusion-flex-column-wrapper-legacy\"><div class=\"fusion-title title fusion-title-1 fusion-title-center fusion-title-text fusion-title-size-one\"><div class=\"title-sep-container title-sep-container-left\"><div class=\"title-sep sep-double sep-solid\" style=\"border-color:#e0dede;\"><\/div><\/div><span class=\"awb-title-spacer\"><\/span><h1 class=\"fusion-title-heading title-heading-center fusion-responsive-typography-calculated\" style=\"margin:0;--fontSize:34;line-height:1.41;\"><p style=\"text-align: justify;\">D\u00e9roulement d&rsquo;une consultation Ost\u00e9opathique<\/p><\/h1><span class=\"awb-title-spacer\"><\/span><div class=\"title-sep-container title-sep-container-right\"><div class=\"title-sep sep-double sep-solid\" style=\"border-color:#e0dede;\"><\/div><\/div><\/div><div class=\"fusion-text fusion-text-1\"><p style=\"text-align: justify;\">Une consultation ost\u00e9opathique dure entre 45 min et 1h et se d\u00e9roule en plusieurs temps\u00a0:<\/p>\n<p style=\"text-align: justify;\"><div class=\"fusion-title title fusion-title-2 fusion-sep-none fusion-title-text fusion-title-size-three\"><h3 class=\"fusion-title-heading title-heading-left fusion-responsive-typography-calculated\" style=\"margin:0;--fontSize:22;--minFontSize:22;line-height:1.5;\"><span style=\"text-align: justify;\"><b>Phase de questions\u00a0: on parle \u00ab\u00a0d\u2019interrogatoire\u00a0\u00bb<\/b><\/h3><\/div><\/span><\/p>\n<p style=\"text-align: justify;\"><ul style=\"--awb-size:15px;--awb-line-height:25.5px;--awb-icon-width:25.5px;--awb-icon-height:25.5px;--awb-icon-margin:10.5px;--awb-content-margin:36px;\" class=\"fusion-checklist fusion-checklist-1 fusion-checklist-default type-icons\"><\/p>\n<ul>\n<li style=\"text-align: justify;\">C\u2019est une premi\u00e8re prise de contact entre le th\u00e9rapeute et le patient. L&rsquo;ost\u00e9opathe s&rsquo;int\u00e9resse au motif de consultation mais aussi aux ant\u00e9c\u00e9dents du patient, aux diff\u00e9rents \u00e9v\u00e9nements pass\u00e9s.\u00a0L\u2019ost\u00e9opathe va pouvoir d\u00e9terminer les indications et contre-indications de sa th\u00e9rapie.<\/li>\n<\/ul>\n<p style=\"text-align: justify;\"><\/ul><\/p>\n<p style=\"text-align: justify;\"><div class=\"fusion-title title fusion-title-3 fusion-sep-none fusion-title-text fusion-title-size-three\"><h3 class=\"fusion-title-heading title-heading-left fusion-responsive-typography-calculated\" style=\"margin:0;--fontSize:22;--minFontSize:22;line-height:1.5;\"><strong>Phase de tests et diagnostic diff\u00e9rentiel<\/strong><\/h3><\/div><\/p>\n<p style=\"text-align: justify;\"><ul style=\"--awb-size:15px;--awb-line-height:25.5px;--awb-icon-width:25.5px;--awb-icon-height:25.5px;--awb-icon-margin:10.5px;--awb-content-margin:36px;\" class=\"fusion-checklist fusion-checklist-2 fusion-checklist-default type-icons\"><\/p>\n<ul>\n<li style=\"text-align: justify;\">Puis vient une phase de test, une observation visuelle et palpatoire globale du patient pour comprendre les adaptations de son corps afin de comprendre la cause de sa douleur.\u00a0L&rsquo;ost\u00e9opathe recherche des zones qui pr\u00e9sentent des restrictions de mouvement susceptibles d\u2019alt\u00e9rer l\u2019\u00e9tat d\u2019\u00e9quilibre global. Les mains de l\u2019ost\u00e9opathe vont d\u00e9terminer les structures perturb\u00e9es dans leur mobilit\u00e9.\u00a0Il peut aussi \u00eatre amen\u00e9 \u00e0 effectuer des tests dit \u00ab\u00a0m\u00e9dicaux\u00a0\u00bb, permettant d\u2019affiner le diagnostic, et pouvant conduire \u00e0 r\u00e9orienter le patient vers un autre professionnel (par exemple l&rsquo;orientation vers le m\u00e9decin traitant pour l&rsquo;indication d&rsquo;examens compl\u00e9mentaires).<\/li>\n<\/ul>\n<p style=\"text-align: justify;\"><\/ul><\/p>\n<p style=\"text-align: center;\"><img decoding=\"async\" class=\"aligncenter size-medium wp-image-207\" src=\"https:\/\/pes-jura.fr\/saint-claude\/wp-content\/uploads\/sites\/2\/2014\/02\/Thrust-300x199.png\" alt=\"\" width=\"300\" height=\"199\" srcset=\"https:\/\/pes-jura.fr\/saint-claude\/wp-content\/uploads\/sites\/2\/2014\/02\/Thrust-200x133.png 200w, https:\/\/pes-jura.fr\/saint-claude\/wp-content\/uploads\/sites\/2\/2014\/02\/Thrust-300x199.png 300w, https:\/\/pes-jura.fr\/saint-claude\/wp-content\/uploads\/sites\/2\/2014\/02\/Thrust-400x266.png 400w, https:\/\/pes-jura.fr\/saint-claude\/wp-content\/uploads\/sites\/2\/2014\/02\/Thrust-600x399.png 600w, https:\/\/pes-jura.fr\/saint-claude\/wp-content\/uploads\/sites\/2\/2014\/02\/Thrust-768x510.png 768w, https:\/\/pes-jura.fr\/saint-claude\/wp-content\/uploads\/sites\/2\/2014\/02\/Thrust-800x532.png 800w, https:\/\/pes-jura.fr\/saint-claude\/wp-content\/uploads\/sites\/2\/2014\/02\/Thrust.png 963w\" sizes=\"(max-width: 300px) 100vw, 300px\" \/><\/p>\n<p style=\"text-align: justify;\"><div class=\"fusion-title title fusion-title-4 fusion-sep-none fusion-title-text fusion-title-size-three\"><h3 class=\"fusion-title-heading title-heading-left fusion-responsive-typography-calculated\" style=\"margin:0;--fontSize:22;--minFontSize:22;line-height:1.5;\"><strong>Phase de <\/strong><b>traitement ost\u00e9opathique<\/b><\/h3><\/div><\/p>\n<p style=\"text-align: justify;\"><ul style=\"--awb-size:15px;--awb-line-height:25.5px;--awb-icon-width:25.5px;--awb-icon-height:25.5px;--awb-icon-margin:10.5px;--awb-content-margin:36px;\" class=\"fusion-checklist fusion-checklist-3 fusion-checklist-default type-icons\"><\/p>\n<ul>\n<li style=\"text-align: justify;\">Une fois l\u2019axe de traitement d\u00e9fini, les corrections des diff\u00e9rentes dysfonctions ont lieu.\u00a0Les techniques pratiqu\u00e9es par un ost\u00e9opathe sont toujours r\u00e9alis\u00e9es en douceur et sans douleur. Elles visent \u00e0 r\u00e9tablir la mobilit\u00e9 de l\u2019organisme.\u00a0Pour cela, l\u2019ost\u00e9opathe choisit la technique la mieux adapt\u00e9e et la plus confortable pour chaque patient, en fonction de son \u00e9tat de forme, de son \u00e2ge, de sa morphologie et de la zone qui doit \u00eatre abord\u00e9e.<\/li>\n<\/ul>\n<p style=\"text-align: justify;\"><\/ul><\/p>\n<p style=\"text-align: center;\"><img decoding=\"async\" class=\"aligncenter size-medium wp-image-208\" src=\"https:\/\/pes-jura.fr\/saint-claude\/wp-content\/uploads\/sites\/2\/2014\/02\/Dog-300x196.jpg\" alt=\"\" width=\"300\" height=\"196\" srcset=\"https:\/\/pes-jura.fr\/saint-claude\/wp-content\/uploads\/sites\/2\/2014\/02\/Dog-200x131.jpg 200w, https:\/\/pes-jura.fr\/saint-claude\/wp-content\/uploads\/sites\/2\/2014\/02\/Dog-300x196.jpg 300w, https:\/\/pes-jura.fr\/saint-claude\/wp-content\/uploads\/sites\/2\/2014\/02\/Dog-400x262.jpg 400w, https:\/\/pes-jura.fr\/saint-claude\/wp-content\/uploads\/sites\/2\/2014\/02\/Dog-600x393.jpg 600w, https:\/\/pes-jura.fr\/saint-claude\/wp-content\/uploads\/sites\/2\/2014\/02\/Dog-768x503.jpg 768w, https:\/\/pes-jura.fr\/saint-claude\/wp-content\/uploads\/sites\/2\/2014\/02\/Dog-800x524.jpg 800w, https:\/\/pes-jura.fr\/saint-claude\/wp-content\/uploads\/sites\/2\/2014\/02\/Dog-1024x670.jpg 1024w, https:\/\/pes-jura.fr\/saint-claude\/wp-content\/uploads\/sites\/2\/2014\/02\/Dog-1200x786.jpg 1200w, https:\/\/pes-jura.fr\/saint-claude\/wp-content\/uploads\/sites\/2\/2014\/02\/Dog.jpg 1851w\" sizes=\"(max-width: 300px) 100vw, 300px\" \/><\/p>\n<p style=\"text-align: justify;\"><div class=\"fusion-title title fusion-title-5 fusion-sep-none fusion-title-text fusion-title-size-three\"><h3 class=\"fusion-title-heading title-heading-left fusion-responsive-typography-calculated\" style=\"margin:0;--fontSize:22;--minFontSize:22;line-height:1.5;\"><strong>Conseils<\/strong><\/h3><\/div><\/p>\n<p style=\"text-align: justify;\"><ul style=\"--awb-size:15px;--awb-line-height:25.5px;--awb-icon-width:25.5px;--awb-icon-height:25.5px;--awb-icon-margin:10.5px;--awb-content-margin:36px;\" class=\"fusion-checklist fusion-checklist-4 fusion-checklist-default type-icons\"><\/p>\n<ul>\n<li style=\"text-align: justify;\">A la fin de la consultation, l\u2019ost\u00e9opathe pr\u00e9vient qu\u2019il peut appara\u00eetre transitoirement certains inconforts (courbatures, fatigue, maux de t\u00eate, et\/ou aggravation des sympt\u00f4mes) le temps que l&rsquo;organisme assimile le traitement et se remette en phase d\u2019\u00e9quilibre.\u00a0Ces r\u00e9actions sont li\u00e9es \u00e0 des processus d\u2019\u00e9limination et diminuent g\u00e9n\u00e9ralement\u00a0 2 \u00e0 3 jours apr\u00e8s la s\u00e9ance.\u00a0Selon les besoins du patient, le th\u00e9rapeute peut \u00eatre amen\u00e9 \u00e0 donner des conseils, adapt\u00e9s \u00e0 la s\u00e9ance du jour et\u00a0pouvant concerner diff\u00e9rents domaines (par exemple des conseils de posture au travail, d&rsquo;hygi\u00e8ne de vie&#8230;).<\/li>\n<\/ul>\n<p style=\"text-align: justify;\"><\/ul><\/p>\n<p style=\"text-align: justify;\"><div class=\"fusion-title title fusion-title-6 fusion-title-center fusion-title-text fusion-title-size-one\"><div class=\"title-sep-container title-sep-container-left\"><div class=\"title-sep sep-double sep-solid\" style=\"border-color:#e0dede;\"><\/div><\/div><span class=\"awb-title-spacer\"><\/span><h1 class=\"fusion-title-heading title-heading-center fusion-responsive-typography-calculated\" style=\"margin:0;--fontSize:34;line-height:1.41;\">Honoraires\/Remboursement<\/h1><span class=\"awb-title-spacer\"><\/span><div class=\"title-sep-container title-sep-container-right\"><div class=\"title-sep sep-double sep-solid\" style=\"border-color:#e0dede;\"><\/div><\/div><\/div><\/p>\n<p style=\"text-align: justify;\"><div class=\"fusion-title title fusion-title-7 fusion-sep-none fusion-title-text fusion-title-size-three\"><h3 class=\"fusion-title-heading title-heading-left fusion-responsive-typography-calculated\" style=\"margin:0;--fontSize:22;--minFontSize:22;line-height:1.5;\"><strong>Honoraires<\/strong><\/h3><\/div><\/p>\n<p style=\"text-align: justify;\"><ul style=\"--awb-size:15px;--awb-line-height:25.5px;--awb-icon-width:25.5px;--awb-icon-height:25.5px;--awb-icon-margin:10.5px;--awb-content-margin:36px;\" class=\"fusion-checklist fusion-checklist-5 fusion-checklist-default type-icons\"><\/p>\n<ul>\n<li style=\"text-align: justify;\"><span style=\"text-align: justify;\">Consultation\u00a0<\/span><strong style=\"text-align: justify;\">adulte<\/strong><span style=\"text-align: justify;\">\u00a0<\/span><strong style=\"text-align: justify;\">au cabinet<\/strong><span style=\"text-align: justify;\">\u00a0:\u00a0<\/span><strong style=\"text-align: justify;\">55\u20ac<\/strong><\/li>\n<li style=\"text-align: justify;\"><span style=\"text-align: justify;\">Consultation\u00a0<\/span><strong style=\"text-align: justify;\">enfant\/\u00e9tudiant<\/strong><span style=\"text-align: justify;\">\u00a0:\u00a0<\/span><strong style=\"text-align: justify;\">48<\/strong><strong style=\"text-align: justify;\">\u20ac<\/strong><\/li>\n<\/ul>\n<p style=\"text-align: justify;\"><\/ul><\/p>\n<p style=\"text-align: justify;\"><div class=\"fusion-title title fusion-title-8 fusion-sep-none fusion-title-text fusion-title-size-three\"><h3 class=\"fusion-title-heading title-heading-left fusion-responsive-typography-calculated\" style=\"margin:0;--fontSize:22;--minFontSize:22;line-height:1.5;\"><strong>Remboursement<\/strong><\/h3><\/div><\/p>\n<p style=\"text-align: justify;\">La consultation d&rsquo;ost\u00e9opathie n\u2019est pas prise en charge par la S\u00e9curit\u00e9 Sociale. Devant la demande croissante des patients, de nombreuses mutuelles remboursent aujourd&rsquo;hui les consultations en totalit\u00e9 ou en partie. Nous vous conseillons de prendre contact directement avec votre mutuelle pour conna\u00eetre vos remboursements.<\/p>\n<p style=\"text-align: justify;\" align=\"justify\"><span style=\"line-height: 1.5em;\">A titre d&rsquo;information, voici une liste des mutuelles qui remboursent l&rsquo;ost\u00e9opathie :<div class=\"fusion-aligncenter\"><a class=\"fusion-button button-flat fusion-button-default-size button-default fusion-button-default button-1 fusion-button-default-span fusion-button-default-type\" target=\"_blank\" rel=\"noopener noreferrer\" href=\"https:\/\/www.osteopathe-syndicat.fr\/osteopathie-remboursement\"><span class=\"fusion-button-text awb-button__text awb-button__text--default\">Liste des mutuelles<\/span><\/a><\/div><\/span><\/p>\n<\/div><div class=\"fusion-clearfix\"><\/div><\/div><\/div><\/div><\/div>\n","protected":false},"excerpt":{"rendered":"","protected":false},"author":1,"featured_media":0,"parent":0,"menu_order":0,"comment_status":"open","ping_status":"open","template":"","meta":{"footnotes":""},"class_list":["post-55","page","type-page","status-publish","hentry"],"_links":{"self":[{"href":"https:\/\/pes-jura.fr\/saint-claude\/wp-json\/wp\/v2\/pages\/55","targetHints":{"allow":["GET"]}}],"collection":[{"href":"https:\/\/pes-jura.fr\/saint-claude\/wp-json\/wp\/v2\/pages"}],"about":[{"href":"https:\/\/pes-jura.fr\/saint-claude\/wp-json\/wp\/v2\/types\/page"}],"author":[{"embeddable":true,"href":"https:\/\/pes-jura.fr\/saint-claude\/wp-json\/wp\/v2\/users\/1"}],"replies":[{"embeddable":true,"href":"https:\/\/pes-jura.fr\/saint-claude\/wp-json\/wp\/v2\/comments?post=55"}],"version-history":[{"count":10,"href":"https:\/\/pes-jura.fr\/saint-claude\/wp-json\/wp\/v2\/pages\/55\/revisions"}],"predecessor-version":[{"id":505,"href":"https:\/\/pes-jura.fr\/saint-claude\/wp-json\/wp\/v2\/pages\/55\/revisions\/505"}],"wp:attachment":[{"href":"https:\/\/pes-jura.fr\/saint-claude\/wp-json\/wp\/v2\/media?parent=55"}],"curies":[{"name":"wp","href":"https:\/\/api.w.org\/{rel}","templated":true}]}}