{"id":544,"date":"2022-11-03T18:21:43","date_gmt":"2022-11-03T17:21:43","guid":{"rendered":"https:\/\/pes-jura.fr\/saint-claude\/?page_id=544"},"modified":"2022-11-03T18:22:51","modified_gmt":"2022-11-03T17:22:51","slug":"therapie-familiale-saint-claude","status":"publish","type":"page","link":"https:\/\/pes-jura.fr\/saint-claude\/therapie-familiale-saint-claude\/","title":{"rendered":"Th\u00e9rapie Familiale Saint Claude"},"content":{"rendered":"<div class=\"fusion-fullwidth fullwidth-box fusion-builder-row-1 fusion-flex-container has-pattern-background has-mask-background nonhundred-percent-fullwidth non-hundred-percent-height-scrolling\" style=\"--awb-border-radius-top-left:0px;--awb-border-radius-top-right:0px;--awb-border-radius-bottom-right:0px;--awb-border-radius-bottom-left:0px;--awb-flex-wrap:wrap;\" ><div class=\"fusion-builder-row fusion-row fusion-flex-align-items-flex-start fusion-flex-content-wrap\" style=\"max-width:1144px;margin-left: calc(-4% \/ 2 );margin-right: calc(-4% \/ 2 );\"><div class=\"fusion-layout-column fusion_builder_column fusion-builder-column-0 fusion_builder_column_1_1 1_1 fusion-flex-column\" style=\"--awb-bg-size:cover;--awb-width-large:100%;--awb-margin-top-large:0px;--awb-spacing-right-large:1.92%;--awb-margin-bottom-large:0px;--awb-spacing-left-large:1.92%;--awb-width-medium:100%;--awb-order-medium:0;--awb-spacing-right-medium:1.92%;--awb-spacing-left-medium:1.92%;--awb-width-small:100%;--awb-order-small:0;--awb-spacing-right-small:1.92%;--awb-spacing-left-small:1.92%;\"><div class=\"fusion-column-wrapper fusion-column-has-shadow fusion-flex-justify-content-flex-start fusion-content-layout-column\"><div class=\"fusion-title title fusion-title-1 fusion-title-center fusion-title-text fusion-title-size-one\"><div class=\"title-sep-container title-sep-container-left\"><div class=\"title-sep sep-double sep-solid\" style=\"border-color:#e0dede;\"><\/div><\/div><span class=\"awb-title-spacer\"><\/span><h1 class=\"fusion-title-heading title-heading-center fusion-responsive-typography-calculated\" style=\"margin:0;--fontSize:34;line-height:1.41;\">Th\u00e9rapie Familiale Saint-Claude<\/h1><span class=\"awb-title-spacer\"><\/span><div class=\"title-sep-container title-sep-container-right\"><div class=\"title-sep sep-double sep-solid\" style=\"border-color:#e0dede;\"><\/div><\/div><\/div><div class=\"fusion-text fusion-text-1\"><div>\n<p class=\"Textbody\" style=\"text-align: justify;\"><b><span lang=\"FR\">En quoi l\u2019approche syst\u00e9mique est-elle diff\u00e9rente d\u2019une approche psychologique \u00ab\u00a0classique\u00a0\u00bb\u00a0?<\/span><\/b><\/p>\n<\/div>\n<div style=\"text-align: justify;\">\n<p class=\"Textbody\"><span class=\"StrongEmphasis\"><span lang=\"FR\">Un exemple simple pour mieux comprendre\u00a0:<\/span><\/span><\/p>\n<\/div>\n<div style=\"text-align: justify;\">\n<p class=\"Textbody\"><span class=\"StrongEmphasis\"><span lang=\"FR\">De mani\u00e8re \u00ab\u00a0classique\u00a0\u00bb, l\u2019enfant \u00ab\u00a0qui va mal\u00a0\u00bb est orient\u00e9 vers un suivi psychologique individuel pour r\u00e9soudre ce probl\u00e8me.<\/span><\/span><\/p>\n<\/div>\n<div style=\"text-align: justify;\">\n<p class=\"Textbody\"><span class=\"StrongEmphasis\"><span lang=\"FR\">A la diff\u00e9rence, l\u2019approche syst\u00e9mique va resituer ce probl\u00e8me au sein du syst\u00e8me familial. Elle va chercher \u00e0 r\u00e9pondre \u00e0 la question\u00a0: \u00e0 quoi sert ce sympt\u00f4me, quel est son sens au niveau de la famille\u00a0? En quoi ce comportement participe-t-il\u00a0 \u00e0 l\u2019\u00e9quilibre de la famille\u00a0? Bien souvent au terme de quelques s\u00e9ances, il appara\u00eet que le couple traverse une p\u00e9riode de questionnement sur son avenir. En attirant l\u2019attention de ses parents sur son probl\u00e8me, l\u2019enfant les mobilise sur leur fonction parentale et de ce fait leurs probl\u00e8mes de couple se trouvent en arri\u00e8re plan. Il permet de maintenir l\u2019\u00e9quilibre du syst\u00e8me, pour que la famille reste en l\u2019\u00e9tat et que le couple reste ensemble.<\/span><\/span><\/p>\n<\/div>\n<div style=\"text-align: justify;\">\n<p class=\"Textbody\"><span class=\"StrongEmphasis\"><span lang=\"FR\">Le th\u00e9rapeute syst\u00e9mique va connoter positivement le comportement de cet enfant qui se d\u00e9voue pour \u00ab\u00a0sauver\u00a0\u00bb sa famille. Ce qui g\u00e9n\u00e8re bien de la surprise pour toute la famille\u00a0! Chacun\u00a0 porte alors un regard nouveau sur ce qui se passe et cette p\u00e9riode de crise peut devenir l\u2019occasion d\u2019un changement.<\/span><\/span><\/p>\n<\/div>\n<div style=\"text-align: justify;\">\n<p class=\"Textbody\"><b><span lang=\"FR\">Une approche globale ou \u00ab\u00a0l\u2019art du d\u00e9zoomage\u00a0\u00bb<\/span><\/b><\/p>\n<\/div>\n<div style=\"text-align: justify;\">\n<p class=\"Textbody\"><span lang=\"FR\">Cette approche part du postulat qu\u2019<span class=\"StrongEmphasis\">un individu \u00e9volue dans un ensemble de syst\u00e8me<\/span> duquel il ne peut pas \u00eatre enlev\u00e9 et qui va r\u00e9gir ses comportements. Elle s\u2019int\u00e9resse \u00e0 l\u2019individu en relation dans un syst\u00e8me et cherche \u00e0 comprendre comment ces <span class=\"StrongEmphasis\">diff\u00e9rents syst\u00e8mes <\/span>(familial, professionnel, conjugal &#8230;) peuvent avoir des <span class=\"StrongEmphasis\">r\u00e9percussions <\/span>sur nous-m\u00eame, sur notre fa\u00e7on de r\u00e9agir, afin de <span class=\"StrongEmphasis\">trouver des solutions <\/span>pour y faire face.<\/span><\/p>\n<\/div>\n<div style=\"text-align: justify;\">\n<p class=\"Textbody\"><span lang=\"FR\">Pour comprendre l\u2019analyse syst\u00e9mique, il faut comprendre le <span class=\"StrongEmphasis\">principe d\u2019hom\u00e9ostasie <\/span>(r\u00e9gulation pour parvenir \u00e0 un \u00e9quilibre), qui est au fondement de cette th\u00e9rapie.<\/span><\/p>\n<\/div>\n<div style=\"text-align: justify;\">\n<p class=\"Textbody\"><span lang=\"FR\">Imaginez-vous une pyramide humaine, pour parvenir \u00e0 la faire tenir, chaque personne exerce une certaine pression sur les autres. Maintenant, si l\u2019une de ces personnes au sein de la pyramide est prise d\u2019une soudaine crampe, elle va modifier sa position, ce qui va avoir un impact sur toutes les autres personnes de cette m\u00eame pyramide. Elles vont chacune alors devoir supporter un peu plus de poids pour parvenir \u00e0 maintenir l\u2019\u00e9quilibre.<\/span><\/p>\n<\/div>\n<div style=\"text-align: justify;\">\n<p class=\"Textbody\"><span lang=\"FR\">Le syst\u00e8me (ici la pyramide) a <span class=\"StrongEmphasis\">modifi\u00e9 le comportement des personnes<\/span> afin que l&rsquo;\u00e9quilibre soit maintenu. Le syst\u00e8me a donc un impact sur la personne qui a des <span class=\"StrongEmphasis\">interconnexions avec tout ce qui l\u2019entoure<\/span>.<\/span><\/p>\n<p class=\"Textbody\"><b><span lang=\"FR\">Une th\u00e9rapie br\u00e8ve centr\u00e9e solution visant l\u2019autonomie<\/span><\/b><\/p>\n<\/div>\n<div style=\"text-align: justify;\">\n<p class=\"Textbody\"><span lang=\"FR\">C\u2019est en regardant les comportements au travers de la recherche d\u2019\u00e9quilibre du syst\u00e8me que l\u2019analyse syst\u00e9mique tente de trouver des r\u00e9ponses et des solutions.<\/span><\/p>\n<\/div>\n<div style=\"text-align: justify;\">\n<p class=\"Standard\"><span lang=\"FR\">Elle permet de comprendre comment fonctionne le syst\u00e8me, les r\u00e8gles de fonctionnement, les r\u00e8gles implicites (dites) et explicites (non dites)\u00a0, la communication au sein du syst\u00e8me.<\/span><\/p>\n<\/div>\n<div style=\"text-align: justify;\">\n<p class=\"Textbody\"><span lang=\"FR\">Pour cela, elle s\u2019appuie sur les ressources du syst\u00e8me en valorisant les comp\u00e9tences de chacun pour r\u00e9soudre ou agir le probl\u00e8me. Le th\u00e9rapeute agit comme r\u00e9v\u00e9lateur de ses comp\u00e9tences pr\u00e9-existantes, au sein du syst\u00e8me,\u00a0 l<span class=\"StrongEmphasis\">e but \u00e9tant de vous rendre autonome le plus rapidement possible.<\/span><\/span><\/p>\n<p class=\"Textbody\"><b><span lang=\"FR\">Une th\u00e9rapie cr\u00e9ative surprenante<\/span><\/b><\/p>\n<\/div>\n<div style=\"text-align: justify;\">\n<p class=\"Standard\"><span lang=\"FR\">L\u2019approche syst\u00e9mique utilise des outils surprenants \u00ab\u00a0les objets flottants\u00a0\u00bb afin de faire des choses diff\u00e9rentes de ce que vous connaissez d\u00e9j\u00e0. Ils permettent de se d\u00e9caler des discours habituels bien r\u00f4d\u00e9s et facilitent les changements. Il peuvent aussi \u00eatre ludiques pour une utilisation en famille, notamment pour les enfants.<\/span><\/p>\n<\/div>\n<div>\n<p class=\"Standard\" style=\"text-align: justify;\"><span lang=\"FR\">En voici quelques uns\u00a0: g\u00e9nogramme, bouchons, dixit, jeu de l\u2019oie syst\u00e9mique, sculptures, arbre de vie\u2026 pour aiguiser votre curiosit\u00e9\u00a0!<\/span><\/p>\n<\/div>\n<\/div><\/div><\/div><\/div><\/div>\n","protected":false},"excerpt":{"rendered":"","protected":false},"author":1,"featured_media":0,"parent":0,"menu_order":0,"comment_status":"closed","ping_status":"closed","template":"","meta":{"footnotes":""},"class_list":["post-544","page","type-page","status-publish","hentry"],"_links":{"self":[{"href":"https:\/\/pes-jura.fr\/saint-claude\/wp-json\/wp\/v2\/pages\/544","targetHints":{"allow":["GET"]}}],"collection":[{"href":"https:\/\/pes-jura.fr\/saint-claude\/wp-json\/wp\/v2\/pages"}],"about":[{"href":"https:\/\/pes-jura.fr\/saint-claude\/wp-json\/wp\/v2\/types\/page"}],"author":[{"embeddable":true,"href":"https:\/\/pes-jura.fr\/saint-claude\/wp-json\/wp\/v2\/users\/1"}],"replies":[{"embeddable":true,"href":"https:\/\/pes-jura.fr\/saint-claude\/wp-json\/wp\/v2\/comments?post=544"}],"version-history":[{"count":2,"href":"https:\/\/pes-jura.fr\/saint-claude\/wp-json\/wp\/v2\/pages\/544\/revisions"}],"predecessor-version":[{"id":546,"href":"https:\/\/pes-jura.fr\/saint-claude\/wp-json\/wp\/v2\/pages\/544\/revisions\/546"}],"wp:attachment":[{"href":"https:\/\/pes-jura.fr\/saint-claude\/wp-json\/wp\/v2\/media?parent=544"}],"curies":[{"name":"wp","href":"https:\/\/api.w.org\/{rel}","templated":true}]}}